{"id":1446,"date":"2020-07-15T15:21:40","date_gmt":"2020-07-15T15:21:40","guid":{"rendered":"https:\/\/new.agrofruitsrl.it\/?page_id=1446"},"modified":"2021-12-23T15:09:12","modified_gmt":"2021-12-23T15:09:12","slug":"our-organic-line","status":"publish","type":"page","link":"https:\/\/www.agrofruitsrl.it\/en\/our-organic-line\/","title":{"rendered":"Our organic line"},"content":{"rendered":"\t<section class=\"section subHeaderBox hoverlay-img-bottom  hoverlay-img-top dark\" id=\"section_655745545\">\n\t\t<div class=\"bg section-bg fill bg-fill  \" >\n\n\t\t\t\n\t\t\t\n\t\t\t\n\n\t\t<\/div>\n\n\t\t<div class=\"section-content relative\">\n\t\t\t\n\n<div class=\"row align-center\"  id=\"row-994276445\">\n\n\n\t<div class=\"col medium-10 small-12 large-10\"  >\n\t\t<div class=\"col-inner text-center\"  >\n\t\t\t\n\t\t\t\n\n\t<div id=\"gap-2094919183\" class=\"gap-element clearfix\" style=\"display:block; height:auto;\">\n\t\t\n<style scope=\"scope\">\n\n#gap-2094919183 {\n  padding-top: 60px;\n}\n<\/style>\n\t<\/div>\n\t\n\n<h1><span style=\"font-size: 100%;\">Our organic line<\/span><\/h1>\n\n\t\t<\/div>\n\t<\/div>\n\n\t\n\n\n<style scope=\"scope\">\n\n<\/style>\n<\/div>\n\n\t\t<\/div>\n\n\t\t\n<style scope=\"scope\">\n\n#section_655745545 {\n  padding-top: 160px;\n  padding-bottom: 160px;\n  background-color: rgb(245, 245, 245);\n}\n#section_655745545 .section-bg.bg-loaded {\n  background-image: url(https:\/\/www.agrofruitsrl.it\/wp-content\/uploads\/2020\/07\/636d5692-9aa7-4986-b910-ff4c8f98feaa.jpg);\n}\n#section_655745545 .section-bg {\n  background-position: 52% 39%;\n}\n<\/style>\n\t<\/section>\n\t\n<p><\/p>\n\t<div id=\"gap-1379618904\" class=\"gap-element clearfix\" style=\"display:block; height:auto;\">\n\t\t\n<style scope=\"scope\">\n\n#gap-1379618904 {\n  padding-top: 40px;\n}\n<\/style>\n\t<\/div>\n\t\n\t<section class=\"section\" id=\"section_1525068725\">\n\t\t<div class=\"bg section-bg fill bg-fill  bg-loaded\" >\n\n\t\t\t\n\t\t\t\n\t\t\t\n\n\t\t<\/div>\n\n\t\t<div class=\"section-content relative\">\n\t\t\t\n<div class=\"row row-large\"  id=\"row-2065841108\">\n\n\t<div class=\"col mobile-center medium-6 small-12 large-6\"  >\n\t\t<div class=\"col-inner text-right\"  >\n\t\t\t\n\t\t\t\n<p><strong>BIO<\/strong><\/p>\n<p><img loading=\"lazy\" class=\"alignnonewp-image-1170\" src=\"https:\/\/www.agrofruitsrl.it\/wp-content\/uploads\/2021\/12\/logo-Naturebio.png\" alt=\"\" width=\"277\" height=\"169\" \/><\/p>\n<h2>The best choice for your health and palate<\/h2>\n\t\t<\/div>\n\t<\/div>\n\n\t\n\n\t<div class=\"col medium-6 small-12 large-6\"  >\n\t\t<div class=\"col-inner\"  >\n\t\t\t\n\t\t\t\n\t<div class=\"img has-hover x md-x lg-x y md-y lg-y\" id=\"image_2073094105\">\n\t\t\t\t\t\t\t\t<div class=\"img-inner image-cover dark\" style=\"padding-top:75%;\">\n\t\t\t<img width=\"879\" height=\"720\" src=\"https:\/\/www.agrofruitsrl.it\/wp-content\/uploads\/2020\/07\/56985946_276130276661506_2136907400271322320_n.jpg\" class=\"attachment-original size-original\" alt=\"\" loading=\"lazy\" srcset=\"https:\/\/www.agrofruitsrl.it\/wp-content\/uploads\/2020\/07\/56985946_276130276661506_2136907400271322320_n.jpg 879w, https:\/\/www.agrofruitsrl.it\/wp-content\/uploads\/2020\/07\/56985946_276130276661506_2136907400271322320_n-720x590.jpg 720w, https:\/\/www.agrofruitsrl.it\/wp-content\/uploads\/2020\/07\/56985946_276130276661506_2136907400271322320_n-768x629.jpg 768w\" sizes=\"(max-width: 879px) 100vw, 879px\" \/>\t\t\t\t\t\t\n\t\t\t\t\t<\/div>\n\t\t\t\t\t\t\t\t\n<style scope=\"scope\">\n\n#image_2073094105 {\n  width: 100%;\n}\n<\/style>\n\t<\/div>\n\t\n\t\t<\/div>\n\t<\/div>\n\n\t\n\n<style scope=\"scope\">\n\n<\/style>\n<\/div>\n\t<div id=\"gap-98945261\" class=\"gap-element clearfix\" style=\"display:block; height:auto;\">\n\t\t\n<style scope=\"scope\">\n\n#gap-98945261 {\n  padding-top: 30px;\n}\n<\/style>\n\t<\/div>\n\t\n<div class=\"row\"  id=\"row-1498660333\">\n\n\t<div class=\"col mobile-center medium-6 small-12 large-6\"  >\n\t\t<div class=\"col-inner\"  >\n\t\t\t\n\t\t\t\n<p>Agrofruit Srl, as an integral part of the Villari Group, supports good agriculture and has always been particularly attentive to sustainable, organic farming.For this very reason, our Sicilian brands of excellence Lum\u00ec and Agrum\u00ec are certified organic and PGI. We are also the owners of the Natur\u00e8bio organic farming brand, which cultivates and distributes top quality fruit and vegetables, in full compliance with EU regulations.<\/p>\n\t\t<\/div>\n\t<\/div>\n\n\t\n\n\t<div class=\"col mobile-center medium-6 small-12 large-6\"  >\n\t\t<div class=\"col-inner\"  >\n\t\t\t\n\t\t\t\n<p>Natur\u00e8bio brand products are grown supporting the natural development of fruit and vegetables, never forcing plants to speed up their development through fertilisers or artificial methods. They thus maintain the nutritional properties and wholesomeness of each product, as well as the flavour and genuineness. Natur\u00e8bio, therefore, excels in the market as far as wholesomeness, food safety, taste and naturalness.<\/p>\n\t\t<\/div>\n\t<\/div>\n\n\t\n<\/div>\n\t<div id=\"gap-982065357\" class=\"gap-element clearfix\" style=\"display:block; height:auto;\">\n\t\t\n<style scope=\"scope\">\n\n#gap-982065357 {\n  padding-top: 50px;\n}\n<\/style>\n\t<\/div>\n\t\n<div class=\"row\"  id=\"row-369221704\">\n\n\t<div class=\"col mobile-center medium-12 small-12 large-4\"  >\n\t\t<div class=\"col-inner\"  >\n\t\t\t\n\t\t\t\n\t<div class=\"img has-hover x md-x lg-x y md-y lg-y\" id=\"image_1832981312\">\n\t\t\t\t\t\t\t\t<div class=\"img-inner dark\" >\n\t\t\t<img width=\"850\" height=\"703\" src=\"https:\/\/www.agrofruitsrl.it\/wp-content\/uploads\/2020\/03\/prodotti_Lumi_Agrumi_bio.jpg\" class=\"attachment-large size-large\" alt=\"\" loading=\"lazy\" srcset=\"https:\/\/www.agrofruitsrl.it\/wp-content\/uploads\/2020\/03\/prodotti_Lumi_Agrumi_bio.jpg 850w, https:\/\/www.agrofruitsrl.it\/wp-content\/uploads\/2020\/03\/prodotti_Lumi_Agrumi_bio-720x595.jpg 720w, https:\/\/www.agrofruitsrl.it\/wp-content\/uploads\/2020\/03\/prodotti_Lumi_Agrumi_bio-768x635.jpg 768w\" sizes=\"(max-width: 850px) 100vw, 850px\" \/>\t\t\t\t\t\t\n\t\t\t\t\t<\/div>\n\t\t\t\t\t\t\t\t\n<style scope=\"scope\">\n\n#image_1832981312 {\n  width: 100%;\n}\n<\/style>\n\t<\/div>\n\t\n\t\t<\/div>\n\t<\/div>\n\n\t\n\n\t<div class=\"col mobile-center medium-12 small-12 large-4\"  >\n\t\t<div class=\"col-inner\"  >\n\t\t\t\n\t\t\t\n<div class=\"row\"  id=\"row-1604964722\">\n\n\t<div class=\"col mobile-center medium-8 small-12 large-8\"  >\n\t\t<div class=\"col-inner\"  >\n\t\t\t\n\t\t\t\n\t<div class=\"img has-hover x md-x lg-x y md-y lg-y\" id=\"image_1610975456\">\n\t\t\t\t\t\t\t\t<div class=\"img-inner dark\" >\n\t\t\t<img width=\"570\" height=\"184\" src=\"https:\/\/www.agrofruitsrl.it\/wp-content\/uploads\/2020\/03\/logo-Lumi-bio.png\" class=\"attachment-large size-large\" alt=\"\" loading=\"lazy\" \/>\t\t\t\t\t\t\n\t\t\t\t\t<\/div>\n\t\t\t\t\t\t\t\t\n<style scope=\"scope\">\n\n#image_1610975456 {\n  width: 100%;\n}\n<\/style>\n\t<\/div>\n\t\n\t\t<\/div>\n\t<\/div>\n\n\t\n<\/div>\n<div class=\"row\"  id=\"row-2039957633\">\n\n\t<div class=\"col mobile-center medium-8 small-12 large-8\"  >\n\t\t<div class=\"col-inner\"  >\n\t\t\t\n\t\t\t\n\t<div class=\"img has-hover x md-x lg-x y md-y lg-y\" id=\"image_539463702\">\n\t\t\t\t\t\t\t\t<div class=\"img-inner dark\" >\n\t\t\t<img width=\"570\" height=\"184\" src=\"https:\/\/www.agrofruitsrl.it\/wp-content\/uploads\/2020\/03\/logo-Agrumi-bio.png\" class=\"attachment-large size-large\" alt=\"\" loading=\"lazy\" \/>\t\t\t\t\t\t\n\t\t\t\t\t<\/div>\n\t\t\t\t\t\t\t\t\n<style scope=\"scope\">\n\n#image_539463702 {\n  width: 100%;\n}\n<\/style>\n\t<\/div>\n\t\n\t\t<\/div>\n\t<\/div>\n\n\t\n<\/div>\n\t\t<\/div>\n\t<\/div>\n\n\t\n\n\t<div class=\"col mobile-center medium-12 small-12 large-4\"  >\n\t\t<div class=\"col-inner\"  >\n\t\t\t\n\t\t\t\n\t<div class=\"img has-hover x md-x lg-x y md-y lg-y\" id=\"image_1250348836\">\n\t\t\t\t\t\t\t\t<div class=\"img-inner dark\" >\n\t\t\t<img width=\"850\" height=\"850\" src=\"https:\/\/www.agrofruitsrl.it\/wp-content\/uploads\/2020\/07\/bc2b6663-60b1-404f-a7de-31882eb4b19b.jpg\" class=\"attachment-large size-large\" alt=\"\" loading=\"lazy\" srcset=\"https:\/\/www.agrofruitsrl.it\/wp-content\/uploads\/2020\/07\/bc2b6663-60b1-404f-a7de-31882eb4b19b.jpg 850w, https:\/\/www.agrofruitsrl.it\/wp-content\/uploads\/2020\/07\/bc2b6663-60b1-404f-a7de-31882eb4b19b-720x720.jpg 720w, https:\/\/www.agrofruitsrl.it\/wp-content\/uploads\/2020\/07\/bc2b6663-60b1-404f-a7de-31882eb4b19b-150x150.jpg 150w, https:\/\/www.agrofruitsrl.it\/wp-content\/uploads\/2020\/07\/bc2b6663-60b1-404f-a7de-31882eb4b19b-768x768.jpg 768w\" sizes=\"(max-width: 850px) 100vw, 850px\" \/>\t\t\t\t\t\t\n\t\t\t\t\t<\/div>\n\t\t\t\t\t\t\t\t\n<style scope=\"scope\">\n\n#image_1250348836 {\n  width: 100%;\n}\n<\/style>\n\t<\/div>\n\t\n\t\t<\/div>\n\t<\/div>\n\n\t\n<\/div>\n\t\t<\/div>\n\n\t\t\n<style scope=\"scope\">\n\n#section_1525068725 {\n  padding-top: 30px;\n  padding-bottom: 30px;\n}\n<\/style>\n\t<\/section>\n\t\n\t<section class=\"section hoverlay-img-bottom hoverlay-img-top dark\" id=\"section_1354219213\">\n\t\t<div class=\"bg section-bg fill bg-fill  bg-loaded\" >\n\n\t\t\t\n\t\t\t\n\t\t\t\n\n\t\t<\/div>\n\n\t\t<div class=\"section-content relative\">\n\t\t\t\n\t<div id=\"gap-1348628254\" class=\"gap-element clearfix\" style=\"display:block; height:auto;\">\n\t\t\n<style scope=\"scope\">\n\n#gap-1348628254 {\n  padding-top: 50px;\n}\n<\/style>\n\t<\/div>\n\t\n<div class=\"row row-large\"  id=\"row-415589605\">\n\n\t<div class=\"col small-12 large-12\"  >\n\t\t<div class=\"col-inner text-left\"  >\n\t\t\t\n\t\t\t\n<h3 style=\"text-align: center;\">Maximum care in product selection and management<\/h3>\n\n  \n    <div class=\"row large-columns-5 medium-columns-3 small-columns-1 row-small slider row-slider slider-nav-reveal\"  data-flickity-options='{\"imagesLoaded\": true, \"groupCells\": \"100%\", \"dragThreshold\" : 5, \"cellAlign\": \"left\",\"wrapAround\": true,\"prevNextButtons\": true,\"percentPosition\": true,\"pageDots\": false, \"rightToLeft\": false, \"autoPlay\" : false}'>\n\n          <div class=\"gallery-col col\" >\n          <div class=\"col-inner\">\n            <a class=\"image-lightbox lightbox-gallery\" href=\"https:\/\/www.agrofruitsrl.it\/wp-content\/uploads\/2020\/02\/Y3A3529.jpg\" title=\"\">            <div class=\"box has-hover gallery-box box-overlay dark\">\n              <div class=\"box-image\" >\n                <img width=\"300\" height=\"200\" src=\"https:\/\/www.agrofruitsrl.it\/wp-content\/uploads\/2020\/02\/Y3A3529-300x200.jpg\" class=\"attachment-medium size-medium\" alt=\"\" loading=\"lazy\" ids=\"1060,1061,1365,1059,1058\" lightbox_image_size=\"original\" type=\"slider\" col_spacing=\"small\" columns=\"5\" columns__sm=\"1\" columns__md=\"3\" srcset=\"https:\/\/www.agrofruitsrl.it\/wp-content\/uploads\/2020\/02\/Y3A3529-300x200.jpg 300w, https:\/\/www.agrofruitsrl.it\/wp-content\/uploads\/2020\/02\/Y3A3529-1024x683.jpg 1024w, https:\/\/www.agrofruitsrl.it\/wp-content\/uploads\/2020\/02\/Y3A3529-768x512.jpg 768w, https:\/\/www.agrofruitsrl.it\/wp-content\/uploads\/2020\/02\/Y3A3529-1536x1024.jpg 1536w, https:\/\/www.agrofruitsrl.it\/wp-content\/uploads\/2020\/02\/Y3A3529-2048x1366.jpg 2048w\" sizes=\"(max-width: 300px) 100vw, 300px\" \/>                                  <div class=\"overlay fill\"\n                      style=\"background-color: rgba(0,0,0,.15)\">\n                  <\/div>\n                                                              <\/div>\n              <div class=\"box-text text-left\" >\n                 <p><\/p>\n              <\/div>\n            <\/div>\n            <\/a>          <\/div>\n         <\/div>\n                 <div class=\"gallery-col col\" >\n          <div class=\"col-inner\">\n            <a class=\"image-lightbox lightbox-gallery\" href=\"https:\/\/www.agrofruitsrl.it\/wp-content\/uploads\/2020\/02\/Y3A3544.jpg\" title=\"\">            <div class=\"box has-hover gallery-box box-overlay dark\">\n              <div class=\"box-image\" >\n                <img width=\"300\" height=\"200\" src=\"https:\/\/www.agrofruitsrl.it\/wp-content\/uploads\/2020\/02\/Y3A3544-300x200.jpg\" class=\"attachment-medium size-medium\" alt=\"\" loading=\"lazy\" ids=\"1060,1061,1365,1059,1058\" lightbox_image_size=\"original\" type=\"slider\" col_spacing=\"small\" columns=\"5\" columns__sm=\"1\" columns__md=\"3\" srcset=\"https:\/\/www.agrofruitsrl.it\/wp-content\/uploads\/2020\/02\/Y3A3544-300x200.jpg 300w, https:\/\/www.agrofruitsrl.it\/wp-content\/uploads\/2020\/02\/Y3A3544-1024x683.jpg 1024w, https:\/\/www.agrofruitsrl.it\/wp-content\/uploads\/2020\/02\/Y3A3544-768x512.jpg 768w, https:\/\/www.agrofruitsrl.it\/wp-content\/uploads\/2020\/02\/Y3A3544-1536x1024.jpg 1536w, https:\/\/www.agrofruitsrl.it\/wp-content\/uploads\/2020\/02\/Y3A3544-2048x1366.jpg 2048w\" sizes=\"(max-width: 300px) 100vw, 300px\" \/>                                  <div class=\"overlay fill\"\n                      style=\"background-color: rgba(0,0,0,.15)\">\n                  <\/div>\n                                                              <\/div>\n              <div class=\"box-text text-left\" >\n                 <p><\/p>\n              <\/div>\n            <\/div>\n            <\/a>          <\/div>\n         <\/div>\n                 <div class=\"gallery-col col\" >\n          <div class=\"col-inner\">\n            <a class=\"image-lightbox lightbox-gallery\" href=\"https:\/\/www.agrofruitsrl.it\/wp-content\/uploads\/2020\/07\/Y3A3822-3.jpg\" title=\"\">            <div class=\"box has-hover gallery-box box-overlay dark\">\n              <div class=\"box-image\" >\n                <img width=\"720\" height=\"480\" src=\"https:\/\/www.agrofruitsrl.it\/wp-content\/uploads\/2020\/07\/Y3A3822-3-720x480.jpg\" class=\"attachment-medium size-medium\" alt=\"\" loading=\"lazy\" ids=\"1060,1061,1365,1059,1058\" lightbox_image_size=\"original\" type=\"slider\" col_spacing=\"small\" columns=\"5\" columns__sm=\"1\" columns__md=\"3\" srcset=\"https:\/\/www.agrofruitsrl.it\/wp-content\/uploads\/2020\/07\/Y3A3822-3-720x480.jpg 720w, https:\/\/www.agrofruitsrl.it\/wp-content\/uploads\/2020\/07\/Y3A3822-3-768x512.jpg 768w, https:\/\/www.agrofruitsrl.it\/wp-content\/uploads\/2020\/07\/Y3A3822-3.jpg 1200w\" sizes=\"(max-width: 720px) 100vw, 720px\" \/>                                  <div class=\"overlay fill\"\n                      style=\"background-color: rgba(0,0,0,.15)\">\n                  <\/div>\n                                                              <\/div>\n              <div class=\"box-text text-left\" >\n                 <p><\/p>\n              <\/div>\n            <\/div>\n            <\/a>          <\/div>\n         <\/div>\n                 <div class=\"gallery-col col\" >\n          <div class=\"col-inner\">\n            <a class=\"image-lightbox lightbox-gallery\" href=\"https:\/\/www.agrofruitsrl.it\/wp-content\/uploads\/2020\/02\/Y3A3517.jpg\" title=\"\">            <div class=\"box has-hover gallery-box box-overlay dark\">\n              <div class=\"box-image\" >\n                <img width=\"300\" height=\"200\" src=\"https:\/\/www.agrofruitsrl.it\/wp-content\/uploads\/2020\/02\/Y3A3517-300x200.jpg\" class=\"attachment-medium size-medium\" alt=\"\" loading=\"lazy\" ids=\"1060,1061,1365,1059,1058\" lightbox_image_size=\"original\" type=\"slider\" col_spacing=\"small\" columns=\"5\" columns__sm=\"1\" columns__md=\"3\" srcset=\"https:\/\/www.agrofruitsrl.it\/wp-content\/uploads\/2020\/02\/Y3A3517-300x200.jpg 300w, https:\/\/www.agrofruitsrl.it\/wp-content\/uploads\/2020\/02\/Y3A3517-1024x683.jpg 1024w, https:\/\/www.agrofruitsrl.it\/wp-content\/uploads\/2020\/02\/Y3A3517-768x512.jpg 768w, https:\/\/www.agrofruitsrl.it\/wp-content\/uploads\/2020\/02\/Y3A3517-1536x1024.jpg 1536w, https:\/\/www.agrofruitsrl.it\/wp-content\/uploads\/2020\/02\/Y3A3517-2048x1366.jpg 2048w\" sizes=\"(max-width: 300px) 100vw, 300px\" \/>                                  <div class=\"overlay fill\"\n                      style=\"background-color: rgba(0,0,0,.15)\">\n                  <\/div>\n                                                              <\/div>\n              <div class=\"box-text text-left\" >\n                 <p><\/p>\n              <\/div>\n            <\/div>\n            <\/a>          <\/div>\n         <\/div>\n                 <div class=\"gallery-col col\" >\n          <div class=\"col-inner\">\n            <a class=\"image-lightbox lightbox-gallery\" href=\"https:\/\/www.agrofruitsrl.it\/wp-content\/uploads\/2020\/02\/GST5776.jpg\" title=\"\">            <div class=\"box has-hover gallery-box box-overlay dark\">\n              <div class=\"box-image\" >\n                <img width=\"300\" height=\"200\" src=\"https:\/\/www.agrofruitsrl.it\/wp-content\/uploads\/2020\/02\/GST5776-300x200.jpg\" class=\"attachment-medium size-medium\" alt=\"\" loading=\"lazy\" ids=\"1060,1061,1365,1059,1058\" lightbox_image_size=\"original\" type=\"slider\" col_spacing=\"small\" columns=\"5\" columns__sm=\"1\" columns__md=\"3\" srcset=\"https:\/\/www.agrofruitsrl.it\/wp-content\/uploads\/2020\/02\/GST5776-300x200.jpg 300w, https:\/\/www.agrofruitsrl.it\/wp-content\/uploads\/2020\/02\/GST5776-1024x683.jpg 1024w, https:\/\/www.agrofruitsrl.it\/wp-content\/uploads\/2020\/02\/GST5776-768x512.jpg 768w, https:\/\/www.agrofruitsrl.it\/wp-content\/uploads\/2020\/02\/GST5776-1536x1024.jpg 1536w, https:\/\/www.agrofruitsrl.it\/wp-content\/uploads\/2020\/02\/GST5776-2048x1366.jpg 2048w\" sizes=\"(max-width: 300px) 100vw, 300px\" \/>                                  <div class=\"overlay fill\"\n                      style=\"background-color: rgba(0,0,0,.15)\">\n                  <\/div>\n                                                              <\/div>\n              <div class=\"box-text text-left\" >\n                 <p><\/p>\n              <\/div>\n            <\/div>\n            <\/a>          <\/div>\n         <\/div>\n         <\/div>\n\t\t<\/div>\n\t<\/div>\n\n\t\n\n<style scope=\"scope\">\n\n<\/style>\n<\/div>\n\t\t<\/div>\n\n\t\t\n<style scope=\"scope\">\n\n#section_1354219213 {\n  padding-top: 60px;\n  padding-bottom: 60px;\n  background-color: #0b571c;\n}\n<\/style>\n\t<\/section>\n\t\n","protected":false},"excerpt":{"rendered":"","protected":false},"author":1,"featured_media":0,"parent":0,"menu_order":0,"comment_status":"closed","ping_status":"closed","template":"page-blank.php","meta":[],"_links":{"self":[{"href":"https:\/\/www.agrofruitsrl.it\/en\/wp-json\/wp\/v2\/pages\/1446"}],"collection":[{"href":"https:\/\/www.agrofruitsrl.it\/en\/wp-json\/wp\/v2\/pages"}],"about":[{"href":"https:\/\/www.agrofruitsrl.it\/en\/wp-json\/wp\/v2\/types\/page"}],"author":[{"embeddable":true,"href":"https:\/\/www.agrofruitsrl.it\/en\/wp-json\/wp\/v2\/users\/1"}],"replies":[{"embeddable":true,"href":"https:\/\/www.agrofruitsrl.it\/en\/wp-json\/wp\/v2\/comments?post=1446"}],"version-history":[{"count":5,"href":"https:\/\/www.agrofruitsrl.it\/en\/wp-json\/wp\/v2\/pages\/1446\/revisions"}],"predecessor-version":[{"id":1506,"href":"https:\/\/www.agrofruitsrl.it\/en\/wp-json\/wp\/v2\/pages\/1446\/revisions\/1506"}],"wp:attachment":[{"href":"https:\/\/www.agrofruitsrl.it\/en\/wp-json\/wp\/v2\/media?parent=1446"}],"curies":[{"name":"wp","href":"https:\/\/api.w.org\/{rel}","templated":true}]}}